{"id":6380,"date":"2024-05-02T12:43:07","date_gmt":"2024-05-02T10:43:07","guid":{"rendered":"https:\/\/lamalabar.es\/?page_id=6380"},"modified":"2024-05-02T13:48:51","modified_gmt":"2024-05-02T11:48:51","slug":"my-account","status":"publish","type":"page","link":"https:\/\/lamalabar.es\/en\/my-account\/","title":{"rendered":"My account"},"content":{"rendered":"\t\t<div data-elementor-type=\"wp-page\" data-elementor-id=\"6380\" class=\"elementor elementor-6380 elementor-6379\" data-elementor-post-type=\"page\">\n\t\t\t\t\t\t<div class=\"elementor-section elementor-top-section elementor-element elementor-element-f7918d6 elementor-section-content-middle elementor-section-boxed elementor-section-height-default elementor-section-height-default eltdf-parallax-row-no eltdf-content-aligment-left eltdf-elementor-row-grid-no eltdf-disabled-bg-image-bellow-no\" data-id=\"f7918d6\" data-element_type=\"section\" data-settings=\"{&quot;background_background&quot;:&quot;classic&quot;}\">\n\t\t\t\t\t\t<div class=\"elementor-container elementor-column-gap-no\">\n\t\t\t\t\t<div class=\"elementor-column elementor-col-50 elementor-top-column elementor-element elementor-element-973f323\" data-id=\"973f323\" data-element_type=\"column\">\n\t\t\t<div class=\"elementor-widget-wrap elementor-element-populated\">\n\t\t\t\t\t\t\t<\/div>\n\t\t<\/div>\n\t\t\t\t<div class=\"elementor-column elementor-col-50 elementor-top-column elementor-element elementor-element-3e909cc\" data-id=\"3e909cc\" data-element_type=\"column\">\n\t\t\t<div class=\"elementor-widget-wrap elementor-element-populated\">\n\t\t\t\t\t\t<div class=\"elementor-element elementor-element-26de811 elementor-widget elementor-widget-woocommerce-breadcrumb\" data-id=\"26de811\" data-element_type=\"widget\" data-widget_type=\"woocommerce-breadcrumb.default\">\n\t\t\t\t<div class=\"elementor-widget-container\">\n\t\t\t<link rel=\"stylesheet\" href=\"https:\/\/lamalabar.es\/wp-content\/plugins\/elementor-pro\/assets\/css\/widget-woocommerce.min.css\">&lt;nav class=\"woocommerce-breadcrumb\" itemprop=\"breadcrumb\">TEXTO QUE QUIERAS&lt;\/nav>\t\t<\/div>\n\t\t\t\t<\/div>\n\t\t\t\t\t<\/div>\n\t\t<\/div>\n\t\t\t\t\t<\/div>\n\t\t<\/div>\n\t\t\t\t<section class=\"elementor-section elementor-top-section elementor-element elementor-element-c2fc007 elementor-section-boxed elementor-section-height-default elementor-section-height-default eltdf-parallax-row-no eltdf-content-aligment-left eltdf-elementor-row-grid-no eltdf-disabled-bg-image-bellow-no\" data-id=\"c2fc007\" data-element_type=\"section\" data-settings=\"{&quot;background_background&quot;:&quot;classic&quot;}\">\n\t\t\t\t\t\t<div class=\"elementor-container elementor-column-gap-default\">\n\t\t\t\t\t<div class=\"elementor-column elementor-col-100 elementor-top-column elementor-element elementor-element-2bc8c94\" data-id=\"2bc8c94\" data-element_type=\"column\" data-settings=\"{&quot;background_background&quot;:&quot;classic&quot;}\">\n\t\t\t<div class=\"elementor-widget-wrap elementor-element-populated\">\n\t\t\t\t\t\t<div class=\"elementor-element elementor-element-7793a51 e-my-account-tabs-vertical elementor-widget elementor-widget-woocommerce-my-account\" data-id=\"7793a51\" data-element_type=\"widget\" data-widget_type=\"woocommerce-my-account.default\">\n\t\t\t\t<div class=\"elementor-widget-container\">\n\t\t\t<div class=\"e-my-account-tab e-my-account-tab__ \">\t\t\t<span class=\"elementor-hidden\">[woocommerce_my_account]<\/span>\n\t\t\t<div class=\"woocommerce\"><\/div>\t\t<\/div>\n\t\t\t\t<\/div>\n\t\t\t\t<\/div>\n\t\t\t\t\t<\/div>\n\t\t<\/div>\n\t\t\t\t\t<\/div>\n\t\t<\/section>\n\t\t\t\t<\/div>\n\t\t","protected":false},"excerpt":{"rendered":"<p>Escritorio Pedidos Descargas Direcciones Detalles de la cuenta Salir Hola desarrollo (\u00bfno eres desarrollo? Cerrar sesi\u00f3n) Desde el escritorio de tu cuenta puedes ver tus pedidos recientes, gestionar tus direcciones de env\u00edo y facturaci\u00f3n y editar tu contrase\u00f1a y los detalles de tu cuenta.<\/p>\n","protected":false},"author":1,"featured_media":0,"parent":0,"menu_order":0,"comment_status":"closed","ping_status":"closed","template":"elementor_header_footer","meta":{"footnotes":""},"class_list":["post-6380","page","type-page","status-publish","hentry"],"yoast_head":"<!-- This site is optimized with the Yoast SEO plugin v22.8 - https:\/\/yoast.com\/wordpress\/plugins\/seo\/ -->\n<title>La Mala Bar My account<\/title>\n<meta name=\"description\" content=\"Located in the heart of Valencia&#039;s Barrio del Carmen, authentic Spanish flavours with a fresh and innovative approach.\" \/>\n<meta name=\"robots\" content=\"index, follow, max-snippet:-1, max-image-preview:large, max-video-preview:-1\" \/>\n<link rel=\"canonical\" href=\"https:\/\/lamalabar.es\/en\/my-account\/\" \/>\n<meta property=\"og:locale\" content=\"en_US\" \/>\n<meta property=\"og:type\" content=\"article\" \/>\n<meta property=\"og:title\" content=\"La Mala Bar My account\" \/>\n<meta property=\"og:description\" content=\"Located in the heart of Valencia&#039;s Barrio del Carmen, authentic Spanish flavours with a fresh and innovative approach.\" \/>\n<meta property=\"og:url\" content=\"https:\/\/lamalabar.es\/en\/my-account\/\" \/>\n<meta property=\"og:site_name\" content=\"La Mala Bar\" \/>\n<meta property=\"article:modified_time\" content=\"2024-05-02T11:48:51+00:00\" \/>\n<meta name=\"twitter:card\" content=\"summary_large_image\" \/>\n<meta name=\"twitter:label1\" content=\"Est. reading time\" \/>\n\t<meta name=\"twitter:data1\" content=\"1 minute\" \/>\n<script type=\"application\/ld+json\" class=\"yoast-schema-graph\">{\"@context\":\"https:\/\/schema.org\",\"@graph\":[{\"@type\":\"WebPage\",\"@id\":\"https:\/\/lamalabar.es\/en\/my-account\/\",\"url\":\"https:\/\/lamalabar.es\/en\/my-account\/\",\"name\":\"La Mala Bar My account\",\"isPartOf\":{\"@id\":\"https:\/\/lamalabar.es\/en\/#website\"},\"datePublished\":\"2024-05-02T10:43:07+00:00\",\"dateModified\":\"2024-05-02T11:48:51+00:00\",\"description\":\"Located in the heart of Valencia's Barrio del Carmen, authentic Spanish flavours with a fresh and innovative approach.\",\"breadcrumb\":{\"@id\":\"https:\/\/lamalabar.es\/en\/my-account\/#breadcrumb\"},\"inLanguage\":\"en-US\",\"potentialAction\":[{\"@type\":\"ReadAction\",\"target\":[\"https:\/\/lamalabar.es\/en\/my-account\/\"]}]},{\"@type\":\"BreadcrumbList\",\"@id\":\"https:\/\/lamalabar.es\/en\/my-account\/#breadcrumb\",\"itemListElement\":[{\"@type\":\"ListItem\",\"position\":1,\"name\":\"Home\",\"item\":\"https:\/\/lamalabar.es\/en\/\"},{\"@type\":\"ListItem\",\"position\":2,\"name\":\"My account\"}]},{\"@type\":\"WebSite\",\"@id\":\"https:\/\/lamalabar.es\/en\/#website\",\"url\":\"https:\/\/lamalabar.es\/en\/\",\"name\":\"La Mala Bar\",\"description\":\"Recetas tradicionales, elaboradas con ingredientes frescos de calidad\",\"publisher\":{\"@id\":\"https:\/\/lamalabar.es\/en\/#organization\"},\"potentialAction\":[{\"@type\":\"SearchAction\",\"target\":{\"@type\":\"EntryPoint\",\"urlTemplate\":\"https:\/\/lamalabar.es\/en\/?s={search_term_string}\"},\"query-input\":\"required name=search_term_string\"}],\"inLanguage\":\"en-US\"},{\"@type\":\"Organization\",\"@id\":\"https:\/\/lamalabar.es\/en\/#organization\",\"name\":\"La Mala Bar\",\"url\":\"https:\/\/lamalabar.es\/en\/\",\"logo\":{\"@type\":\"ImageObject\",\"inLanguage\":\"en-US\",\"@id\":\"https:\/\/lamalabar.es\/en\/#\/schema\/logo\/image\/\",\"url\":\"https:\/\/lamalabar.es\/wp-content\/uploads\/2023\/11\/logo-lamalabar.svg\",\"contentUrl\":\"https:\/\/lamalabar.es\/wp-content\/uploads\/2023\/11\/logo-lamalabar.svg\",\"width\":648,\"height\":192,\"caption\":\"La Mala Bar\"},\"image\":{\"@id\":\"https:\/\/lamalabar.es\/en\/#\/schema\/logo\/image\/\"}}]}<\/script>\n<!-- \/ Yoast SEO plugin. -->","yoast_head_json":{"title":"La Mala Bar My account","description":"Located in the heart of Valencia's Barrio del Carmen, authentic Spanish flavours with a fresh and innovative approach.","robots":{"index":"index","follow":"follow","max-snippet":"max-snippet:-1","max-image-preview":"max-image-preview:large","max-video-preview":"max-video-preview:-1"},"canonical":"https:\/\/lamalabar.es\/en\/my-account\/","og_locale":"en_US","og_type":"article","og_title":"La Mala Bar My account","og_description":"Located in the heart of Valencia's Barrio del Carmen, authentic Spanish flavours with a fresh and innovative approach.","og_url":"https:\/\/lamalabar.es\/en\/my-account\/","og_site_name":"La Mala Bar","article_modified_time":"2024-05-02T11:48:51+00:00","twitter_card":"summary_large_image","twitter_misc":{"Est. reading time":"1 minute"},"schema":{"@context":"https:\/\/schema.org","@graph":[{"@type":"WebPage","@id":"https:\/\/lamalabar.es\/en\/my-account\/","url":"https:\/\/lamalabar.es\/en\/my-account\/","name":"La Mala Bar My account","isPartOf":{"@id":"https:\/\/lamalabar.es\/en\/#website"},"datePublished":"2024-05-02T10:43:07+00:00","dateModified":"2024-05-02T11:48:51+00:00","description":"Located in the heart of Valencia's Barrio del Carmen, authentic Spanish flavours with a fresh and innovative approach.","breadcrumb":{"@id":"https:\/\/lamalabar.es\/en\/my-account\/#breadcrumb"},"inLanguage":"en-US","potentialAction":[{"@type":"ReadAction","target":["https:\/\/lamalabar.es\/en\/my-account\/"]}]},{"@type":"BreadcrumbList","@id":"https:\/\/lamalabar.es\/en\/my-account\/#breadcrumb","itemListElement":[{"@type":"ListItem","position":1,"name":"Home","item":"https:\/\/lamalabar.es\/en\/"},{"@type":"ListItem","position":2,"name":"My account"}]},{"@type":"WebSite","@id":"https:\/\/lamalabar.es\/en\/#website","url":"https:\/\/lamalabar.es\/en\/","name":"La Mala Bar","description":"Recetas tradicionales, elaboradas con ingredientes frescos de calidad","publisher":{"@id":"https:\/\/lamalabar.es\/en\/#organization"},"potentialAction":[{"@type":"SearchAction","target":{"@type":"EntryPoint","urlTemplate":"https:\/\/lamalabar.es\/en\/?s={search_term_string}"},"query-input":"required name=search_term_string"}],"inLanguage":"en-US"},{"@type":"Organization","@id":"https:\/\/lamalabar.es\/en\/#organization","name":"La Mala Bar","url":"https:\/\/lamalabar.es\/en\/","logo":{"@type":"ImageObject","inLanguage":"en-US","@id":"https:\/\/lamalabar.es\/en\/#\/schema\/logo\/image\/","url":"https:\/\/lamalabar.es\/wp-content\/uploads\/2023\/11\/logo-lamalabar.svg","contentUrl":"https:\/\/lamalabar.es\/wp-content\/uploads\/2023\/11\/logo-lamalabar.svg","width":648,"height":192,"caption":"La Mala Bar"},"image":{"@id":"https:\/\/lamalabar.es\/en\/#\/schema\/logo\/image\/"}}]}},"_links":{"self":[{"href":"https:\/\/lamalabar.es\/en\/wp-json\/wp\/v2\/pages\/6380","targetHints":{"allow":["GET"]}}],"collection":[{"href":"https:\/\/lamalabar.es\/en\/wp-json\/wp\/v2\/pages"}],"about":[{"href":"https:\/\/lamalabar.es\/en\/wp-json\/wp\/v2\/types\/page"}],"author":[{"embeddable":true,"href":"https:\/\/lamalabar.es\/en\/wp-json\/wp\/v2\/users\/1"}],"replies":[{"embeddable":true,"href":"https:\/\/lamalabar.es\/en\/wp-json\/wp\/v2\/comments?post=6380"}],"version-history":[{"count":0,"href":"https:\/\/lamalabar.es\/en\/wp-json\/wp\/v2\/pages\/6380\/revisions"}],"wp:attachment":[{"href":"https:\/\/lamalabar.es\/en\/wp-json\/wp\/v2\/media?parent=6380"}],"curies":[{"name":"wp","href":"https:\/\/api.w.org\/{rel}","templated":true}]}}