{"id":6220,"date":"2024-05-02T08:57:56","date_gmt":"2024-05-02T06:57:56","guid":{"rendered":"https:\/\/lamalabar.es\/?page_id=6220"},"modified":"2024-05-21T15:19:20","modified_gmt":"2024-05-21T13:19:20","slug":"carrito","status":"publish","type":"page","link":"https:\/\/lamalabar.es\/en\/carrito\/","title":{"rendered":"Cart"},"content":{"rendered":"\t\t<div data-elementor-type=\"wp-page\" data-elementor-id=\"6220\" class=\"elementor elementor-6220 elementor-6219\" data-elementor-post-type=\"page\">\n\t\t\t\t\t\t<div class=\"elementor-section elementor-top-section elementor-element elementor-element-f7918d6 elementor-section-content-middle elementor-section-full_width elementor-section-height-default elementor-section-height-default eltdf-parallax-row-no eltdf-content-aligment-left eltdf-elementor-row-grid-no eltdf-disabled-bg-image-bellow-no\" data-id=\"f7918d6\" data-element_type=\"section\" data-settings=\"{&quot;background_background&quot;:&quot;classic&quot;}\">\n\t\t\t\t\t\t<div class=\"elementor-container elementor-column-gap-default\">\n\t\t\t\t\t<div class=\"elementor-column elementor-col-100 elementor-top-column elementor-element elementor-element-3e909cc\" data-id=\"3e909cc\" data-element_type=\"column\">\n\t\t\t<div class=\"elementor-widget-wrap elementor-element-populated\">\n\t\t\t\t\t\t<div class=\"elementor-element elementor-element-538e984 elementor-widget elementor-widget-breadcrumbs\" data-id=\"538e984\" data-element_type=\"widget\" data-widget_type=\"breadcrumbs.default\">\n\t\t\t\t<div class=\"elementor-widget-container\">\n\t\t\t<link rel=\"stylesheet\" href=\"https:\/\/lamalabar.es\/wp-content\/plugins\/elementor-pro\/assets\/css\/widget-theme-elements.min.css\"><p id=\"breadcrumbs\"><span><span><a href=\"https:\/\/lamalabar.es\/en\/\">Home<\/a><\/span><\/span><\/p>\t\t<\/div>\n\t\t\t\t<\/div>\n\t\t\t\t\t<\/div>\n\t\t<\/div>\n\t\t\t\t\t<\/div>\n\t\t<\/div>\n\t\t\t\t<section class=\"elementor-section elementor-top-section elementor-element elementor-element-c2fc007 elementor-section-full_width elementor-section-height-default elementor-section-height-default eltdf-parallax-row-no eltdf-content-aligment-left eltdf-elementor-row-grid-no eltdf-disabled-bg-image-bellow-no\" data-id=\"c2fc007\" data-element_type=\"section\" data-settings=\"{&quot;background_background&quot;:&quot;classic&quot;}\">\n\t\t\t\t\t\t<div class=\"elementor-container elementor-column-gap-default\">\n\t\t\t\t\t<div class=\"elementor-column elementor-col-100 elementor-top-column elementor-element elementor-element-2bc8c94\" data-id=\"2bc8c94\" data-element_type=\"column\" data-settings=\"{&quot;background_background&quot;:&quot;classic&quot;}\">\n\t\t\t<div class=\"elementor-widget-wrap elementor-element-populated\">\n\t\t\t\t\t\t\t<\/div>\n\t\t<\/div>\n\t\t\t\t\t<\/div>\n\t\t<\/section>\n\t\t\t\t<\/div>\n\t\t","protected":false},"excerpt":{"rendered":"<p>Eliminar art\u00edculo Imagen en miniatura Producto Precio Cantidad Subtotal &times; ANCHOA DEL CANTABRICO 4,00&nbsp;&euro; ANCHOA DEL CANTABRICO quantity 4,00&nbsp;&euro; Apply coupon Total del carro Subtotal 4,00&nbsp;&euro; Cup\u00f3n: q69y8cer -0,40&nbsp;&euro; [Eliminar] Env\u00edo Recogida local Las opciones de env\u00edo se actualizar\u00e1n durante el pago. Total 3,60&nbsp;&euro; Comprar<\/p>\n","protected":false},"author":1,"featured_media":0,"parent":0,"menu_order":0,"comment_status":"closed","ping_status":"closed","template":"full-width.php","meta":{"footnotes":""},"class_list":["post-6220","page","type-page","status-publish","hentry"],"yoast_head":"<!-- This site is optimized with the Yoast SEO plugin v22.8 - https:\/\/yoast.com\/wordpress\/plugins\/seo\/ -->\n<title>La Mala Bar Cart<\/title>\n<meta name=\"description\" content=\"Located in the heart of Valencia&#039;s Barrio del Carmen, authentic Spanish flavours with a fresh and innovative approach.\" \/>\n<meta name=\"robots\" content=\"index, follow, max-snippet:-1, max-image-preview:large, max-video-preview:-1\" \/>\n<link rel=\"canonical\" href=\"https:\/\/lamalabar.es\/en\/carrito\/\" \/>\n<meta property=\"og:locale\" content=\"en_US\" \/>\n<meta property=\"og:type\" content=\"article\" \/>\n<meta property=\"og:title\" content=\"La Mala Bar Cart\" \/>\n<meta property=\"og:description\" content=\"Located in the heart of Valencia&#039;s Barrio del Carmen, authentic Spanish flavours with a fresh and innovative approach.\" \/>\n<meta property=\"og:url\" content=\"https:\/\/lamalabar.es\/en\/carrito\/\" \/>\n<meta property=\"og:site_name\" content=\"La Mala Bar\" \/>\n<meta property=\"article:modified_time\" content=\"2024-05-21T13:19:20+00:00\" \/>\n<meta property=\"og:image\" content=\"https:\/\/developlaclave.es\/develop\/lamalabar\/wp-content\/uploads\/woocommerce-placeholder-350x350.png\" \/>\n<meta name=\"twitter:card\" content=\"summary_large_image\" \/>\n<meta name=\"twitter:label1\" content=\"Est. reading time\" \/>\n\t<meta name=\"twitter:data1\" content=\"1 minute\" \/>\n<script type=\"application\/ld+json\" class=\"yoast-schema-graph\">{\"@context\":\"https:\/\/schema.org\",\"@graph\":[{\"@type\":\"WebPage\",\"@id\":\"https:\/\/lamalabar.es\/en\/carrito\/\",\"url\":\"https:\/\/lamalabar.es\/en\/carrito\/\",\"name\":\"La Mala Bar Cart\",\"isPartOf\":{\"@id\":\"https:\/\/lamalabar.es\/en\/#website\"},\"primaryImageOfPage\":{\"@id\":\"https:\/\/lamalabar.es\/en\/carrito\/#primaryimage\"},\"image\":{\"@id\":\"https:\/\/lamalabar.es\/en\/carrito\/#primaryimage\"},\"thumbnailUrl\":\"https:\/\/developlaclave.es\/develop\/lamalabar\/wp-content\/uploads\/woocommerce-placeholder-350x350.png\",\"datePublished\":\"2024-05-02T06:57:56+00:00\",\"dateModified\":\"2024-05-21T13:19:20+00:00\",\"description\":\"Located in the heart of Valencia's Barrio del Carmen, authentic Spanish flavours with a fresh and innovative approach.\",\"breadcrumb\":{\"@id\":\"https:\/\/lamalabar.es\/en\/carrito\/#breadcrumb\"},\"inLanguage\":\"en-US\",\"potentialAction\":[{\"@type\":\"ReadAction\",\"target\":[\"https:\/\/lamalabar.es\/en\/carrito\/\"]}]},{\"@type\":\"ImageObject\",\"inLanguage\":\"en-US\",\"@id\":\"https:\/\/lamalabar.es\/en\/carrito\/#primaryimage\",\"url\":\"https:\/\/developlaclave.es\/develop\/lamalabar\/wp-content\/uploads\/woocommerce-placeholder-350x350.png\",\"contentUrl\":\"https:\/\/developlaclave.es\/develop\/lamalabar\/wp-content\/uploads\/woocommerce-placeholder-350x350.png\"},{\"@type\":\"BreadcrumbList\",\"@id\":\"https:\/\/lamalabar.es\/en\/carrito\/#breadcrumb\",\"itemListElement\":[{\"@type\":\"ListItem\",\"position\":1,\"name\":\"Home\",\"item\":\"https:\/\/lamalabar.es\/en\/\"},{\"@type\":\"ListItem\",\"position\":2,\"name\":\"Cart\"}]},{\"@type\":\"WebSite\",\"@id\":\"https:\/\/lamalabar.es\/en\/#website\",\"url\":\"https:\/\/lamalabar.es\/en\/\",\"name\":\"La Mala Bar\",\"description\":\"Recetas tradicionales, elaboradas con ingredientes frescos de calidad\",\"publisher\":{\"@id\":\"https:\/\/lamalabar.es\/en\/#organization\"},\"potentialAction\":[{\"@type\":\"SearchAction\",\"target\":{\"@type\":\"EntryPoint\",\"urlTemplate\":\"https:\/\/lamalabar.es\/en\/?s={search_term_string}\"},\"query-input\":\"required name=search_term_string\"}],\"inLanguage\":\"en-US\"},{\"@type\":\"Organization\",\"@id\":\"https:\/\/lamalabar.es\/en\/#organization\",\"name\":\"La Mala Bar\",\"url\":\"https:\/\/lamalabar.es\/en\/\",\"logo\":{\"@type\":\"ImageObject\",\"inLanguage\":\"en-US\",\"@id\":\"https:\/\/lamalabar.es\/en\/#\/schema\/logo\/image\/\",\"url\":\"https:\/\/lamalabar.es\/wp-content\/uploads\/2023\/11\/logo-lamalabar.svg\",\"contentUrl\":\"https:\/\/lamalabar.es\/wp-content\/uploads\/2023\/11\/logo-lamalabar.svg\",\"width\":648,\"height\":192,\"caption\":\"La Mala Bar\"},\"image\":{\"@id\":\"https:\/\/lamalabar.es\/en\/#\/schema\/logo\/image\/\"}}]}<\/script>\n<!-- \/ Yoast SEO plugin. -->","yoast_head_json":{"title":"La Mala Bar Cart","description":"Located in the heart of Valencia's Barrio del Carmen, authentic Spanish flavours with a fresh and innovative approach.","robots":{"index":"index","follow":"follow","max-snippet":"max-snippet:-1","max-image-preview":"max-image-preview:large","max-video-preview":"max-video-preview:-1"},"canonical":"https:\/\/lamalabar.es\/en\/carrito\/","og_locale":"en_US","og_type":"article","og_title":"La Mala Bar Cart","og_description":"Located in the heart of Valencia's Barrio del Carmen, authentic Spanish flavours with a fresh and innovative approach.","og_url":"https:\/\/lamalabar.es\/en\/carrito\/","og_site_name":"La Mala Bar","article_modified_time":"2024-05-21T13:19:20+00:00","og_image":[{"url":"https:\/\/developlaclave.es\/develop\/lamalabar\/wp-content\/uploads\/woocommerce-placeholder-350x350.png"}],"twitter_card":"summary_large_image","twitter_misc":{"Est. reading time":"1 minute"},"schema":{"@context":"https:\/\/schema.org","@graph":[{"@type":"WebPage","@id":"https:\/\/lamalabar.es\/en\/carrito\/","url":"https:\/\/lamalabar.es\/en\/carrito\/","name":"La Mala Bar Cart","isPartOf":{"@id":"https:\/\/lamalabar.es\/en\/#website"},"primaryImageOfPage":{"@id":"https:\/\/lamalabar.es\/en\/carrito\/#primaryimage"},"image":{"@id":"https:\/\/lamalabar.es\/en\/carrito\/#primaryimage"},"thumbnailUrl":"https:\/\/developlaclave.es\/develop\/lamalabar\/wp-content\/uploads\/woocommerce-placeholder-350x350.png","datePublished":"2024-05-02T06:57:56+00:00","dateModified":"2024-05-21T13:19:20+00:00","description":"Located in the heart of Valencia's Barrio del Carmen, authentic Spanish flavours with a fresh and innovative approach.","breadcrumb":{"@id":"https:\/\/lamalabar.es\/en\/carrito\/#breadcrumb"},"inLanguage":"en-US","potentialAction":[{"@type":"ReadAction","target":["https:\/\/lamalabar.es\/en\/carrito\/"]}]},{"@type":"ImageObject","inLanguage":"en-US","@id":"https:\/\/lamalabar.es\/en\/carrito\/#primaryimage","url":"https:\/\/developlaclave.es\/develop\/lamalabar\/wp-content\/uploads\/woocommerce-placeholder-350x350.png","contentUrl":"https:\/\/developlaclave.es\/develop\/lamalabar\/wp-content\/uploads\/woocommerce-placeholder-350x350.png"},{"@type":"BreadcrumbList","@id":"https:\/\/lamalabar.es\/en\/carrito\/#breadcrumb","itemListElement":[{"@type":"ListItem","position":1,"name":"Home","item":"https:\/\/lamalabar.es\/en\/"},{"@type":"ListItem","position":2,"name":"Cart"}]},{"@type":"WebSite","@id":"https:\/\/lamalabar.es\/en\/#website","url":"https:\/\/lamalabar.es\/en\/","name":"La Mala Bar","description":"Recetas tradicionales, elaboradas con ingredientes frescos de calidad","publisher":{"@id":"https:\/\/lamalabar.es\/en\/#organization"},"potentialAction":[{"@type":"SearchAction","target":{"@type":"EntryPoint","urlTemplate":"https:\/\/lamalabar.es\/en\/?s={search_term_string}"},"query-input":"required name=search_term_string"}],"inLanguage":"en-US"},{"@type":"Organization","@id":"https:\/\/lamalabar.es\/en\/#organization","name":"La Mala Bar","url":"https:\/\/lamalabar.es\/en\/","logo":{"@type":"ImageObject","inLanguage":"en-US","@id":"https:\/\/lamalabar.es\/en\/#\/schema\/logo\/image\/","url":"https:\/\/lamalabar.es\/wp-content\/uploads\/2023\/11\/logo-lamalabar.svg","contentUrl":"https:\/\/lamalabar.es\/wp-content\/uploads\/2023\/11\/logo-lamalabar.svg","width":648,"height":192,"caption":"La Mala Bar"},"image":{"@id":"https:\/\/lamalabar.es\/en\/#\/schema\/logo\/image\/"}}]}},"_links":{"self":[{"href":"https:\/\/lamalabar.es\/en\/wp-json\/wp\/v2\/pages\/6220","targetHints":{"allow":["GET"]}}],"collection":[{"href":"https:\/\/lamalabar.es\/en\/wp-json\/wp\/v2\/pages"}],"about":[{"href":"https:\/\/lamalabar.es\/en\/wp-json\/wp\/v2\/types\/page"}],"author":[{"embeddable":true,"href":"https:\/\/lamalabar.es\/en\/wp-json\/wp\/v2\/users\/1"}],"replies":[{"embeddable":true,"href":"https:\/\/lamalabar.es\/en\/wp-json\/wp\/v2\/comments?post=6220"}],"version-history":[{"count":0,"href":"https:\/\/lamalabar.es\/en\/wp-json\/wp\/v2\/pages\/6220\/revisions"}],"wp:attachment":[{"href":"https:\/\/lamalabar.es\/en\/wp-json\/wp\/v2\/media?parent=6220"}],"curies":[{"name":"wp","href":"https:\/\/api.w.org\/{rel}","templated":true}]}}