{"id":5933,"date":"2023-12-21T11:41:01","date_gmt":"2023-12-21T10:41:01","guid":{"rendered":"https:\/\/lamalabar.es\/aviso-legal\/"},"modified":"2024-06-05T10:08:47","modified_gmt":"2024-06-05T08:08:47","slug":"legal-notice","status":"publish","type":"page","link":"https:\/\/lamalabar.es\/en\/legal-notice\/","title":{"rendered":"Legal Notice"},"content":{"rendered":"\t\t<div data-elementor-type=\"wp-page\" data-elementor-id=\"5933\" class=\"elementor elementor-5933 elementor-5157\" data-elementor-post-type=\"page\">\n\t\t\t\t<div class=\"elementor-element elementor-element-f330bdc e-con-full e-flex e-con e-parent\" data-id=\"f330bdc\" data-element_type=\"container\" id=\"textos-legales\" data-settings=\"{&quot;background_background&quot;:&quot;classic&quot;}\">\n\t\t<div class=\"elementor-element elementor-element-421d9d9 e-con-full e-flex e-con e-child\" data-id=\"421d9d9\" data-element_type=\"container\" data-settings=\"{&quot;background_background&quot;:&quot;classic&quot;}\">\n\t\t\t\t<div class=\"elementor-element elementor-element-a252ba2 elementor-widget elementor-widget-heading\" data-id=\"a252ba2\" data-element_type=\"widget\" data-widget_type=\"heading.default\">\n\t\t\t\t<div class=\"elementor-widget-container\">\n\t\t\t<style>\/*! elementor - v3.21.0 - 26-05-2024 *\/\n.elementor-heading-title{padding:0;margin:0;line-height:1}.elementor-widget-heading .elementor-heading-title[class*=elementor-size-]>a{color:inherit;font-size:inherit;line-height:inherit}.elementor-widget-heading .elementor-heading-title.elementor-size-small{font-size:15px}.elementor-widget-heading .elementor-heading-title.elementor-size-medium{font-size:19px}.elementor-widget-heading .elementor-heading-title.elementor-size-large{font-size:29px}.elementor-widget-heading .elementor-heading-title.elementor-size-xl{font-size:39px}.elementor-widget-heading .elementor-heading-title.elementor-size-xxl{font-size:59px}<\/style><h1 class=\"elementor-heading-title elementor-size-default\">Aviso Legal<\/h1>\t\t<\/div>\n\t\t\t\t<\/div>\n\t\t\t\t<div class=\"elementor-element elementor-element-4426a34 elementor-widget elementor-widget-text-editor\" data-id=\"4426a34\" data-element_type=\"widget\" data-widget_type=\"text-editor.default\">\n\t\t\t\t<div class=\"elementor-widget-container\">\n\t\t\t<style>\/*! elementor - v3.21.0 - 26-05-2024 *\/\n.elementor-widget-text-editor.elementor-drop-cap-view-stacked .elementor-drop-cap{background-color:#69727d;color:#fff}.elementor-widget-text-editor.elementor-drop-cap-view-framed .elementor-drop-cap{color:#69727d;border:3px solid;background-color:transparent}.elementor-widget-text-editor:not(.elementor-drop-cap-view-default) .elementor-drop-cap{margin-top:8px}.elementor-widget-text-editor:not(.elementor-drop-cap-view-default) .elementor-drop-cap-letter{width:1em;height:1em}.elementor-widget-text-editor .elementor-drop-cap{float:left;text-align:center;line-height:1;font-size:50px}.elementor-widget-text-editor .elementor-drop-cap-letter{display:inline-block}<\/style>\t\t\t\t<p>Esta p\u00e1gina web es propiedad de Espa\u00f1ol\u00e9 Servicios de Alojamiento S.L. El hecho de acceder a esta p\u00e1gina implica el conocimiento y aceptaci\u00f3n de la pol\u00edtica de privacidad. En cumplimiento del art\u00edculo 10 de la Ley 34\/2002, de 11 de julio, de Servicios de la Sociedad de la Informaci\u00f3n y Comercio Electr\u00f3nico (LSSI) se exponen los datos identificativos.<\/p>\t\t\t\t\t\t<\/div>\n\t\t\t\t<\/div>\n\t\t\t\t<div class=\"elementor-element elementor-element-686cd08 elementor-widget-divider--view-line elementor-widget elementor-widget-divider\" data-id=\"686cd08\" data-element_type=\"widget\" data-widget_type=\"divider.default\">\n\t\t\t\t<div class=\"elementor-widget-container\">\n\t\t\t<style>\/*! elementor - v3.21.0 - 26-05-2024 *\/\n.elementor-widget-divider{--divider-border-style:none;--divider-border-width:1px;--divider-color:#0c0d0e;--divider-icon-size:20px;--divider-element-spacing:10px;--divider-pattern-height:24px;--divider-pattern-size:20px;--divider-pattern-url:none;--divider-pattern-repeat:repeat-x}.elementor-widget-divider .elementor-divider{display:flex}.elementor-widget-divider .elementor-divider__text{font-size:15px;line-height:1;max-width:95%}.elementor-widget-divider .elementor-divider__element{margin:0 var(--divider-element-spacing);flex-shrink:0}.elementor-widget-divider .elementor-icon{font-size:var(--divider-icon-size)}.elementor-widget-divider .elementor-divider-separator{display:flex;margin:0;direction:ltr}.elementor-widget-divider--view-line_icon .elementor-divider-separator,.elementor-widget-divider--view-line_text .elementor-divider-separator{align-items:center}.elementor-widget-divider--view-line_icon .elementor-divider-separator:after,.elementor-widget-divider--view-line_icon .elementor-divider-separator:before,.elementor-widget-divider--view-line_text .elementor-divider-separator:after,.elementor-widget-divider--view-line_text .elementor-divider-separator:before{display:block;content:\"\";border-block-end:0;flex-grow:1;border-block-start:var(--divider-border-width) var(--divider-border-style) var(--divider-color)}.elementor-widget-divider--element-align-left .elementor-divider .elementor-divider-separator>.elementor-divider__svg:first-of-type{flex-grow:0;flex-shrink:100}.elementor-widget-divider--element-align-left .elementor-divider-separator:before{content:none}.elementor-widget-divider--element-align-left .elementor-divider__element{margin-left:0}.elementor-widget-divider--element-align-right .elementor-divider .elementor-divider-separator>.elementor-divider__svg:last-of-type{flex-grow:0;flex-shrink:100}.elementor-widget-divider--element-align-right .elementor-divider-separator:after{content:none}.elementor-widget-divider--element-align-right .elementor-divider__element{margin-right:0}.elementor-widget-divider--element-align-start .elementor-divider .elementor-divider-separator>.elementor-divider__svg:first-of-type{flex-grow:0;flex-shrink:100}.elementor-widget-divider--element-align-start .elementor-divider-separator:before{content:none}.elementor-widget-divider--element-align-start .elementor-divider__element{margin-inline-start:0}.elementor-widget-divider--element-align-end .elementor-divider .elementor-divider-separator>.elementor-divider__svg:last-of-type{flex-grow:0;flex-shrink:100}.elementor-widget-divider--element-align-end .elementor-divider-separator:after{content:none}.elementor-widget-divider--element-align-end .elementor-divider__element{margin-inline-end:0}.elementor-widget-divider:not(.elementor-widget-divider--view-line_text):not(.elementor-widget-divider--view-line_icon) .elementor-divider-separator{border-block-start:var(--divider-border-width) var(--divider-border-style) var(--divider-color)}.elementor-widget-divider--separator-type-pattern{--divider-border-style:none}.elementor-widget-divider--separator-type-pattern.elementor-widget-divider--view-line .elementor-divider-separator,.elementor-widget-divider--separator-type-pattern:not(.elementor-widget-divider--view-line) .elementor-divider-separator:after,.elementor-widget-divider--separator-type-pattern:not(.elementor-widget-divider--view-line) .elementor-divider-separator:before,.elementor-widget-divider--separator-type-pattern:not([class*=elementor-widget-divider--view]) .elementor-divider-separator{width:100%;min-height:var(--divider-pattern-height);-webkit-mask-size:var(--divider-pattern-size) 100%;mask-size:var(--divider-pattern-size) 100%;-webkit-mask-repeat:var(--divider-pattern-repeat);mask-repeat:var(--divider-pattern-repeat);background-color:var(--divider-color);-webkit-mask-image:var(--divider-pattern-url);mask-image:var(--divider-pattern-url)}.elementor-widget-divider--no-spacing{--divider-pattern-size:auto}.elementor-widget-divider--bg-round{--divider-pattern-repeat:round}.rtl .elementor-widget-divider .elementor-divider__text{direction:rtl}.e-con-inner>.elementor-widget-divider,.e-con>.elementor-widget-divider{width:var(--container-widget-width,100%);--flex-grow:var(--container-widget-flex-grow)}<\/style>\t\t<div class=\"elementor-divider\">\n\t\t\t<span class=\"elementor-divider-separator\">\n\t\t\t\t\t\t<\/span>\n\t\t<\/div>\n\t\t\t\t<\/div>\n\t\t\t\t<\/div>\n\t\t\t\t<div class=\"elementor-element elementor-element-53bd84e elementor-widget elementor-widget-heading\" data-id=\"53bd84e\" data-element_type=\"widget\" data-widget_type=\"heading.default\">\n\t\t\t\t<div class=\"elementor-widget-container\">\n\t\t\t<h2 class=\"elementor-heading-title elementor-size-default\">Datos de la empresa<\/h2>\t\t<\/div>\n\t\t\t\t<\/div>\n\t\t\t\t<div class=\"elementor-element elementor-element-e8e242d elementor-widget elementor-widget-text-editor\" data-id=\"e8e242d\" data-element_type=\"widget\" data-widget_type=\"text-editor.default\">\n\t\t\t\t<div class=\"elementor-widget-container\">\n\t\t\t\t\t\t\t<ul><li>Empresa: ESPA\u00d1OL\u00c9 SERVICIOS DE ALOJAMIENTO S.L.<\/li><li>CIF: B98995301<\/li><li>Nacionalidad: espa\u00f1ola<\/li><li>Actividad: Restauraci\u00f3n<\/li><li>Domicilio: C\/ Caballeros 38, 46001 Valencia<\/li><li>Tel\u00e9fono: 962 033 404<\/li><li>Correo electr\u00f3nico: info@lamalabar.es<\/li><\/ul><p>ESPA\u00d1OL\u00c9 SERVICIOS DE ALOJAMIENTO S.L. es titular del siguiente nombre de dominio: www.lamalabar.es y responsable de los ficheros generados con los datos de car\u00e1cter personal suministrados por los usuarios a trav\u00e9s de este sitio web.<\/p>\t\t\t\t\t\t<\/div>\n\t\t\t\t<\/div>\n\t\t\t\t<div class=\"elementor-element elementor-element-8405c77 elementor-widget-divider--view-line elementor-widget elementor-widget-divider\" data-id=\"8405c77\" data-element_type=\"widget\" data-widget_type=\"divider.default\">\n\t\t\t\t<div class=\"elementor-widget-container\">\n\t\t\t\t\t<div class=\"elementor-divider\">\n\t\t\t<span class=\"elementor-divider-separator\">\n\t\t\t\t\t\t<\/span>\n\t\t<\/div>\n\t\t\t\t<\/div>\n\t\t\t\t<\/div>\n\t\t\t\t<div class=\"elementor-element elementor-element-c9954f2 elementor-widget elementor-widget-heading\" data-id=\"c9954f2\" data-element_type=\"widget\" data-widget_type=\"heading.default\">\n\t\t\t\t<div class=\"elementor-widget-container\">\n\t\t\t<h2 class=\"elementor-heading-title elementor-size-default\">Tratamiento de los datos de car\u00e1cter personal<\/h2>\t\t<\/div>\n\t\t\t\t<\/div>\n\t\t\t\t<div class=\"elementor-element elementor-element-f9b06c8 elementor-widget elementor-widget-text-editor\" data-id=\"f9b06c8\" data-element_type=\"widget\" data-widget_type=\"text-editor.default\">\n\t\t\t\t<div class=\"elementor-widget-container\">\n\t\t\t\t\t\t\t<p>ESPA\u00d1OL\u00c9 SERVICIOS DE ALOJAMIENTO S.L.se compromete a mantener todos los datos que nos facilitan nuestros usuarios en la m\u00e1xima confidencialidad y a no suministrarlos a terceras partes, de acuerdo con los principios de protecci\u00f3n de datos de car\u00e1cter personal del Reglamento (UE) 2016\/679 del Parlamento Europeo y del Consejo de 27 de abril de 2016.<\/p><p>Seg\u00fan lo dispuesto en dicha ley, y con objeto de garantizar la protecci\u00f3n y privacidad de sus datos personales, ESPA\u00d1OL\u00c9 SERVICIOS DE ALOJAMIENTO S.L. informa que los datos de car\u00e1cter personal s\u00f3lo podr\u00e1n obtenerse para su tratamiento cuando sean adecuados, pertinentes y no excesivos en relaci\u00f3n con el \u00e1mbito y las finalidades determinadas, expl\u00edcitas y leg\u00edtimas para las que se hayan obtenido.<\/p><p>Estos datos personales ser\u00e1n utilizados exclusivamente para responder a las consultas realizadas por nuestros usuarios a trav\u00e9s del formulario web sobre ESPA\u00d1OL\u00c9 SERVICIOS DE ALOJAMIENTO S.L. y no ser\u00e1n cedidos a terceros. El responsable de este fichero es ESPA\u00d1OL\u00c9 SERVICIOS DE ALOJAMIENTO S.L. con quien pueden contactar por escrito para ejercer tus derechos de acceso, rectificaci\u00f3n, cancelaci\u00f3n y oposici\u00f3n en la direcci\u00f3n C\/ Caballeros 36, 46001 Valencia, o mediante correo electr\u00f3nico a info@ihvalencia.com<\/p><p>ESPA\u00d1OL\u00c9 SERVICIOS DE ALOJAMIENTO S.L. garantiza la confidencialidad y seguridad de sus datos, que no ser\u00e1n cedidos a terceras personas.<\/p><p>M\u00e1s informaci\u00f3n sobre el tratamiento de los datos de car\u00e1cter personal en nuestra p\u00e1gina de Pol\u00edtica de Privacidad.<\/p><p>M\u00e1s informaci\u00f3n sobre el uso de cookies en nuestra p\u00e1gina de Pol\u00edtica de Cookies.<\/p>\t\t\t\t\t\t<\/div>\n\t\t\t\t<\/div>\n\t\t\t\t<div class=\"elementor-element elementor-element-263815c elementor-widget-divider--view-line elementor-widget elementor-widget-divider\" data-id=\"263815c\" data-element_type=\"widget\" data-widget_type=\"divider.default\">\n\t\t\t\t<div class=\"elementor-widget-container\">\n\t\t\t\t\t<div class=\"elementor-divider\">\n\t\t\t<span class=\"elementor-divider-separator\">\n\t\t\t\t\t\t<\/span>\n\t\t<\/div>\n\t\t\t\t<\/div>\n\t\t\t\t<\/div>\n\t\t\t\t<div class=\"elementor-element elementor-element-3155bae elementor-widget elementor-widget-heading\" data-id=\"3155bae\" data-element_type=\"widget\" data-widget_type=\"heading.default\">\n\t\t\t\t<div class=\"elementor-widget-container\">\n\t\t\t<h2 class=\"elementor-heading-title elementor-size-default\">Propiedad Intelectual e Industrial<\/h2>\t\t<\/div>\n\t\t\t\t<\/div>\n\t\t\t\t<div class=\"elementor-element elementor-element-a1374b9 elementor-widget elementor-widget-text-editor\" data-id=\"a1374b9\" data-element_type=\"widget\" data-widget_type=\"text-editor.default\">\n\t\t\t\t<div class=\"elementor-widget-container\">\n\t\t\t\t\t\t\t<p>El nombre de dominio www.lamalabar.es es propiedad de ESPA\u00d1OL\u00c9 SERVICIOS DE ALOJAMIENTO S.L. El sitio web, en su totalidad, incluyendo su dise\u00f1o, estructura, distribuci\u00f3n, textos, contenidos, logotipos, botones, im\u00e1genes, dibujos, c\u00f3digo fuente, planos, instrucciones, as\u00ed como todos los derechos de propiedad intelectual e industrial y cualquier otro signo distintivo, pertenecen a ESPA\u00d1OL\u00c9 SERVICIOS DE ALOJAMIENTO S.L. o, en su caso, a las personas o empresas que figuran como autores o titulares de los derechos y que han autorizado a su uso a ESPA\u00d1OL\u00c9 SERVICIOS DE ALOJAMIENTO S.L. El usuario reconoce y acepta que el contenido, datos y toda la informaci\u00f3n pertenecen a ESPA\u00d1OL\u00c9 SERVICIOS DE ALOJAMIENTO S.L. o a un tercero que ha autorizado a la empresa a su uso.<\/p><p>Queda prohibida la reproducci\u00f3n o explotaci\u00f3n total o parcial, por cualquier medio, de los contenidos de esta web para usos diferentes de la leg\u00edtima informaci\u00f3n o contrataci\u00f3n por los usuarios de los servicios ofrecidos. En tal sentido, usted no puede copiar, reproducir, recompilar, descompilar, desmontar, distribuir, publicar, mostrar, ejecutar, modificar, volcar, realizar trabajos derivados, transmitir o explotar partes del servicio, exceptuando el volcado del material del servicio y\/o hacer copia para su uso personal no lucrativo, siempre y cuando usted reconozca todos los derechos de autor y Propiedad Industrial. La modificaci\u00f3n del contenido de los servicios representa una violaci\u00f3n a los leg\u00edtimos derechos de terceros o de ESPA\u00d1OL\u00c9 SERVICIOS DE ALOJAMIENTO S.L.<\/p>\t\t\t\t\t\t<\/div>\n\t\t\t\t<\/div>\n\t\t\t\t<div class=\"elementor-element elementor-element-35e9c36 elementor-widget-divider--view-line elementor-widget elementor-widget-divider\" data-id=\"35e9c36\" data-element_type=\"widget\" data-widget_type=\"divider.default\">\n\t\t\t\t<div class=\"elementor-widget-container\">\n\t\t\t\t\t<div class=\"elementor-divider\">\n\t\t\t<span class=\"elementor-divider-separator\">\n\t\t\t\t\t\t<\/span>\n\t\t<\/div>\n\t\t\t\t<\/div>\n\t\t\t\t<\/div>\n\t\t\t\t<div class=\"elementor-element elementor-element-95e0229 elementor-widget elementor-widget-heading\" data-id=\"95e0229\" data-element_type=\"widget\" data-widget_type=\"heading.default\">\n\t\t\t\t<div class=\"elementor-widget-container\">\n\t\t\t<h2 class=\"elementor-heading-title elementor-size-default\">Responsabilidades<\/h2>\t\t<\/div>\n\t\t\t\t<\/div>\n\t\t\t\t<div class=\"elementor-element elementor-element-0016dea elementor-widget elementor-widget-text-editor\" data-id=\"0016dea\" data-element_type=\"widget\" data-widget_type=\"text-editor.default\">\n\t\t\t\t<div class=\"elementor-widget-container\">\n\t\t\t\t\t\t\t<p>ESPA\u00d1OL\u00c9 SERVICIOS DE ALOJAMIENTO S.L. declina cualquier responsabilidad respecto a la informaci\u00f3n de esta web procedente de fuentes ajenas o terceros.<\/p><p>ESPA\u00d1OL\u00c9 SERVICIOS DE ALOJAMIENTO S.L. no se responsabiliza del mal uso que se realice de los contenidos de su p\u00e1gina web, siendo responsabilidad exclusiva de la persona que accede a ellos o los utiliza. Tampoco asume responsabilidad alguna por la informaci\u00f3n contenida en las p\u00e1ginas web de terceros a las que se pueda acceder a trav\u00e9s de enlaces desde su portal. La presencia de estos enlaces tiene una finalidad informativa, y no constituyen en ning\u00fan caso una invitaci\u00f3n a la contrataci\u00f3n de productos o servicios que se puedan ofrecer en la p\u00e1gina web de destino. ESPA\u00d1OL\u00c9 SERVICIOS DE ALOJAMIENTO S.L. no responde ni se hace cargo de ning\u00fan tipo de responsabilidad por los da\u00f1os y perjuicios que puedan relacionarse con el funcionamiento, disponibilidad y continuidad de los sitios enlazados.<\/p><p>Asimismo, tampoco nos hacemos responsables de los posibles errores de seguridad que se pudieran producir por el hecho de utilizar versiones de navegadores no actualizadas, o de las consecuencias que se pudieran derivar del mal funcionamiento del navegador, ya sea por configuraci\u00f3n inadecuada, presencia de virus inform\u00e1ticos o cualquier otra causa ajena a nuestra empresa.<\/p><p>ESPA\u00d1OL\u00c9 SERVICIOS DE ALOJAMIENTO S.L. colaborar\u00e1 en lo que haga falta con las autoridades judiciales, si se diera el caso, para frenar los actos ilegales o contrarios a la buena fe contra ESPA\u00d1OL\u00c9 SERVICIOS DE ALOJAMIENTO S.L. o cualquier tercero, para identificar a los usuarios que act\u00faen de forma contraria a la norma legal y a esta Pol\u00edtica de Privacidad y Condiciones de Uso.<\/p>\t\t\t\t\t\t<\/div>\n\t\t\t\t<\/div>\n\t\t\t\t<div class=\"elementor-element elementor-element-6733a03 elementor-widget-divider--view-line elementor-widget elementor-widget-divider\" data-id=\"6733a03\" data-element_type=\"widget\" data-widget_type=\"divider.default\">\n\t\t\t\t<div class=\"elementor-widget-container\">\n\t\t\t\t\t<div class=\"elementor-divider\">\n\t\t\t<span class=\"elementor-divider-separator\">\n\t\t\t\t\t\t<\/span>\n\t\t<\/div>\n\t\t\t\t<\/div>\n\t\t\t\t<\/div>\n\t\t\t\t<div class=\"elementor-element elementor-element-65c34ee elementor-widget elementor-widget-heading\" data-id=\"65c34ee\" data-element_type=\"widget\" data-widget_type=\"heading.default\">\n\t\t\t\t<div class=\"elementor-widget-container\">\n\t\t\t<h2 class=\"elementor-heading-title elementor-size-default\">Legislaci\u00f3n y jurisdicci\u00f3n aplicable<\/h2>\t\t<\/div>\n\t\t\t\t<\/div>\n\t\t\t\t<div class=\"elementor-element elementor-element-4c63706 elementor-widget elementor-widget-text-editor\" data-id=\"4c63706\" data-element_type=\"widget\" data-widget_type=\"text-editor.default\">\n\t\t\t\t<div class=\"elementor-widget-container\">\n\t\t\t\t\t\t\t<p>Estas Condiciones Generales se rigen por la ley espa\u00f1ola. Las partes se someten, a su elecci\u00f3n, para la resoluci\u00f3n de los conflictos y con renuncia a cualquier otro fuero, a los juzgados y tribunales del domicilio del usuario.<\/p>\t\t\t\t\t\t<\/div>\n\t\t\t\t<\/div>\n\t\t\t\t<\/div>\n\t\t\t\t<\/div>\n\t\t\t\t<\/div>\n\t\t","protected":false},"excerpt":{"rendered":"<p>Aviso Legal Esta p\u00e1gina web es propiedad de Espa\u00f1ol\u00e9 Servicios de Alojamiento S.L. El hecho de acceder a esta p\u00e1gina implica el conocimiento y aceptaci\u00f3n de la pol\u00edtica de privacidad. En cumplimiento del art\u00edculo 10 de la Ley 34\/2002, de 11 de julio, de Servicios de la Sociedad de la Informaci\u00f3n y Comercio Electr\u00f3nico (LSSI) se exponen los datos identificativos. [&hellip;]<\/p>\n","protected":false},"author":1,"featured_media":0,"parent":0,"menu_order":0,"comment_status":"closed","ping_status":"closed","template":"full-width.php","meta":{"footnotes":""},"class_list":["post-5933","page","type-page","status-publish","hentry"],"yoast_head":"<!-- This site is optimized with the Yoast SEO plugin v22.8 - https:\/\/yoast.com\/wordpress\/plugins\/seo\/ -->\n<title>Legal Notice LaMala Bar<\/title>\n<meta name=\"robots\" content=\"noindex, nofollow\" \/>\n<meta property=\"og:locale\" content=\"en_US\" \/>\n<meta property=\"og:type\" content=\"article\" \/>\n<meta property=\"og:title\" content=\"Legal Notice LaMala Bar\" \/>\n<meta property=\"og:description\" content=\"Aviso Legal Esta p\u00e1gina web es propiedad de Espa\u00f1ol\u00e9 Servicios de Alojamiento S.L. El hecho de acceder a esta p\u00e1gina implica el conocimiento y aceptaci\u00f3n de la pol\u00edtica de privacidad. En cumplimiento del art\u00edculo 10 de la Ley 34\/2002, de 11 de julio, de Servicios de la Sociedad de la Informaci\u00f3n y Comercio Electr\u00f3nico (LSSI) se exponen los datos identificativos. [&hellip;]\" \/>\n<meta property=\"og:url\" content=\"https:\/\/lamalabar.es\/en\/legal-notice\/\" \/>\n<meta property=\"og:site_name\" content=\"La Mala Bar\" \/>\n<meta property=\"article:modified_time\" content=\"2024-06-05T08:08:47+00:00\" \/>\n<meta name=\"twitter:card\" content=\"summary_large_image\" \/>\n<meta name=\"twitter:label1\" content=\"Est. reading time\" \/>\n\t<meta name=\"twitter:data1\" content=\"5 minutes\" \/>\n<script type=\"application\/ld+json\" class=\"yoast-schema-graph\">{\"@context\":\"https:\/\/schema.org\",\"@graph\":[{\"@type\":\"WebPage\",\"@id\":\"https:\/\/lamalabar.es\/en\/legal-notice\/\",\"url\":\"https:\/\/lamalabar.es\/en\/legal-notice\/\",\"name\":\"Legal Notice LaMala Bar\",\"isPartOf\":{\"@id\":\"https:\/\/lamalabar.es\/en\/#website\"},\"datePublished\":\"2023-12-21T10:41:01+00:00\",\"dateModified\":\"2024-06-05T08:08:47+00:00\",\"breadcrumb\":{\"@id\":\"https:\/\/lamalabar.es\/en\/legal-notice\/#breadcrumb\"},\"inLanguage\":\"en-US\",\"potentialAction\":[{\"@type\":\"ReadAction\",\"target\":[\"https:\/\/lamalabar.es\/en\/legal-notice\/\"]}]},{\"@type\":\"BreadcrumbList\",\"@id\":\"https:\/\/lamalabar.es\/en\/legal-notice\/#breadcrumb\",\"itemListElement\":[{\"@type\":\"ListItem\",\"position\":1,\"name\":\"Home\",\"item\":\"https:\/\/lamalabar.es\/en\/\"},{\"@type\":\"ListItem\",\"position\":2,\"name\":\"Legal Notice\"}]},{\"@type\":\"WebSite\",\"@id\":\"https:\/\/lamalabar.es\/en\/#website\",\"url\":\"https:\/\/lamalabar.es\/en\/\",\"name\":\"La Mala Bar\",\"description\":\"Recetas tradicionales, elaboradas con ingredientes frescos de calidad\",\"publisher\":{\"@id\":\"https:\/\/lamalabar.es\/en\/#organization\"},\"potentialAction\":[{\"@type\":\"SearchAction\",\"target\":{\"@type\":\"EntryPoint\",\"urlTemplate\":\"https:\/\/lamalabar.es\/en\/?s={search_term_string}\"},\"query-input\":\"required name=search_term_string\"}],\"inLanguage\":\"en-US\"},{\"@type\":\"Organization\",\"@id\":\"https:\/\/lamalabar.es\/en\/#organization\",\"name\":\"La Mala Bar\",\"url\":\"https:\/\/lamalabar.es\/en\/\",\"logo\":{\"@type\":\"ImageObject\",\"inLanguage\":\"en-US\",\"@id\":\"https:\/\/lamalabar.es\/en\/#\/schema\/logo\/image\/\",\"url\":\"https:\/\/lamalabar.es\/wp-content\/uploads\/2023\/11\/logo-lamalabar.svg\",\"contentUrl\":\"https:\/\/lamalabar.es\/wp-content\/uploads\/2023\/11\/logo-lamalabar.svg\",\"width\":648,\"height\":192,\"caption\":\"La Mala Bar\"},\"image\":{\"@id\":\"https:\/\/lamalabar.es\/en\/#\/schema\/logo\/image\/\"}}]}<\/script>\n<!-- \/ Yoast SEO plugin. -->","yoast_head_json":{"title":"Legal Notice LaMala Bar","robots":{"index":"noindex","follow":"nofollow"},"og_locale":"en_US","og_type":"article","og_title":"Legal Notice LaMala Bar","og_description":"Aviso Legal Esta p\u00e1gina web es propiedad de Espa\u00f1ol\u00e9 Servicios de Alojamiento S.L. El hecho de acceder a esta p\u00e1gina implica el conocimiento y aceptaci\u00f3n de la pol\u00edtica de privacidad. En cumplimiento del art\u00edculo 10 de la Ley 34\/2002, de 11 de julio, de Servicios de la Sociedad de la Informaci\u00f3n y Comercio Electr\u00f3nico (LSSI) se exponen los datos identificativos. [&hellip;]","og_url":"https:\/\/lamalabar.es\/en\/legal-notice\/","og_site_name":"La Mala Bar","article_modified_time":"2024-06-05T08:08:47+00:00","twitter_card":"summary_large_image","twitter_misc":{"Est. reading time":"5 minutes"},"schema":{"@context":"https:\/\/schema.org","@graph":[{"@type":"WebPage","@id":"https:\/\/lamalabar.es\/en\/legal-notice\/","url":"https:\/\/lamalabar.es\/en\/legal-notice\/","name":"Legal Notice LaMala Bar","isPartOf":{"@id":"https:\/\/lamalabar.es\/en\/#website"},"datePublished":"2023-12-21T10:41:01+00:00","dateModified":"2024-06-05T08:08:47+00:00","breadcrumb":{"@id":"https:\/\/lamalabar.es\/en\/legal-notice\/#breadcrumb"},"inLanguage":"en-US","potentialAction":[{"@type":"ReadAction","target":["https:\/\/lamalabar.es\/en\/legal-notice\/"]}]},{"@type":"BreadcrumbList","@id":"https:\/\/lamalabar.es\/en\/legal-notice\/#breadcrumb","itemListElement":[{"@type":"ListItem","position":1,"name":"Home","item":"https:\/\/lamalabar.es\/en\/"},{"@type":"ListItem","position":2,"name":"Legal Notice"}]},{"@type":"WebSite","@id":"https:\/\/lamalabar.es\/en\/#website","url":"https:\/\/lamalabar.es\/en\/","name":"La Mala Bar","description":"Recetas tradicionales, elaboradas con ingredientes frescos de calidad","publisher":{"@id":"https:\/\/lamalabar.es\/en\/#organization"},"potentialAction":[{"@type":"SearchAction","target":{"@type":"EntryPoint","urlTemplate":"https:\/\/lamalabar.es\/en\/?s={search_term_string}"},"query-input":"required name=search_term_string"}],"inLanguage":"en-US"},{"@type":"Organization","@id":"https:\/\/lamalabar.es\/en\/#organization","name":"La Mala Bar","url":"https:\/\/lamalabar.es\/en\/","logo":{"@type":"ImageObject","inLanguage":"en-US","@id":"https:\/\/lamalabar.es\/en\/#\/schema\/logo\/image\/","url":"https:\/\/lamalabar.es\/wp-content\/uploads\/2023\/11\/logo-lamalabar.svg","contentUrl":"https:\/\/lamalabar.es\/wp-content\/uploads\/2023\/11\/logo-lamalabar.svg","width":648,"height":192,"caption":"La Mala Bar"},"image":{"@id":"https:\/\/lamalabar.es\/en\/#\/schema\/logo\/image\/"}}]}},"_links":{"self":[{"href":"https:\/\/lamalabar.es\/en\/wp-json\/wp\/v2\/pages\/5933","targetHints":{"allow":["GET"]}}],"collection":[{"href":"https:\/\/lamalabar.es\/en\/wp-json\/wp\/v2\/pages"}],"about":[{"href":"https:\/\/lamalabar.es\/en\/wp-json\/wp\/v2\/types\/page"}],"author":[{"embeddable":true,"href":"https:\/\/lamalabar.es\/en\/wp-json\/wp\/v2\/users\/1"}],"replies":[{"embeddable":true,"href":"https:\/\/lamalabar.es\/en\/wp-json\/wp\/v2\/comments?post=5933"}],"version-history":[{"count":0,"href":"https:\/\/lamalabar.es\/en\/wp-json\/wp\/v2\/pages\/5933\/revisions"}],"wp:attachment":[{"href":"https:\/\/lamalabar.es\/en\/wp-json\/wp\/v2\/media?parent=5933"}],"curies":[{"name":"wp","href":"https:\/\/api.w.org\/{rel}","templated":true}]}}